{"id":946,"date":"2021-05-12T17:24:00","date_gmt":"2021-05-12T20:24:00","guid":{"rendered":"http:\/\/oabpocosdecaldas.org.br\/?page_id=946"},"modified":"2026-03-04T08:57:46","modified_gmt":"2026-03-04T11:57:46","slug":"processos-estatisticas","status":"publish","type":"page","link":"https:\/\/oabpocosdecaldas.org.br\/index.php\/processos-estatisticas\/","title":{"rendered":"Processos Estat\u00edsticas"},"content":{"rendered":"\t\t<div data-elementor-type=\"wp-page\" data-elementor-id=\"946\" class=\"elementor elementor-946\" data-elementor-post-type=\"page\">\n\t\t\t\t\t\t<section class=\"elementor-section elementor-top-section elementor-element elementor-element-a7a5971 elementor-section-boxed elementor-section-height-default elementor-section-height-default\" data-id=\"a7a5971\" data-element_type=\"section\" data-e-type=\"section\">\n\t\t\t\t\t\t<div class=\"elementor-container elementor-column-gap-default\">\n\t\t\t\t\t<div class=\"elementor-column elementor-col-100 elementor-top-column elementor-element elementor-element-f27872a\" data-id=\"f27872a\" data-element_type=\"column\" data-e-type=\"column\">\n\t\t\t<div class=\"elementor-widget-wrap elementor-element-populated\">\n\t\t\t\t\t\t<div class=\"elementor-element elementor-element-f902e84 elementor-widget-divider--view-line_text elementor-widget-divider--element-align-right elementor-widget elementor-widget-divider\" data-id=\"f902e84\" data-element_type=\"widget\" data-e-type=\"widget\" data-widget_type=\"divider.default\">\n\t\t\t\t<div class=\"elementor-widget-container\">\n\t\t\t\t\t\t\t<div class=\"elementor-divider\">\n\t\t\t<span class=\"elementor-divider-separator\">\n\t\t\t\t\t\t\t<span class=\"elementor-divider__text elementor-divider__element\">\n\t\t\t\tPROCESSO ESTAT\u00cdSTICAS\t\t\t\t<\/span>\n\t\t\t\t\t\t<\/span>\n\t\t<\/div>\n\t\t\t\t\t\t<\/div>\n\t\t\t\t<\/div>\n\t\t\t\t\t<\/div>\n\t\t<\/div>\n\t\t\t\t\t<\/div>\n\t\t<\/section>\n\t\t\t\t<section class=\"elementor-section elementor-top-section elementor-element elementor-element-a66f0c4 elementor-section-boxed elementor-section-height-default elementor-section-height-default\" data-id=\"a66f0c4\" data-element_type=\"section\" data-e-type=\"section\" data-settings=\"{&quot;background_background&quot;:&quot;classic&quot;}\">\n\t\t\t\t\t\t<div class=\"elementor-container elementor-column-gap-default\">\n\t\t\t\t\t<div class=\"elementor-column elementor-col-100 elementor-top-column elementor-element elementor-element-e8cd20b\" data-id=\"e8cd20b\" data-element_type=\"column\" data-e-type=\"column\">\n\t\t\t<div class=\"elementor-widget-wrap elementor-element-populated\">\n\t\t\t\t\t\t<div class=\"elementor-element elementor-element-bbc22de elementor-tabs-view-horizontal elementor-widget elementor-widget-tabs\" data-id=\"bbc22de\" data-element_type=\"widget\" data-e-type=\"widget\" data-widget_type=\"tabs.default\">\n\t\t\t\t<div class=\"elementor-widget-container\">\n\t\t\t\t\t\t\t<div class=\"elementor-tabs\">\n\t\t\t<div class=\"elementor-tabs-wrapper\" role=\"tablist\" >\n\t\t\t\t\t\t\t\t\t<div id=\"elementor-tab-title-1961\" class=\"elementor-tab-title elementor-tab-desktop-title\" aria-selected=\"true\" data-tab=\"1\" role=\"tab\" tabindex=\"0\" aria-controls=\"elementor-tab-content-1961\" aria-expanded=\"false\">2026<\/div>\n\t\t\t\t\t\t\t\t\t<div id=\"elementor-tab-title-1962\" class=\"elementor-tab-title elementor-tab-desktop-title\" aria-selected=\"false\" data-tab=\"2\" role=\"tab\" tabindex=\"-1\" aria-controls=\"elementor-tab-content-1962\" aria-expanded=\"false\">2025<\/div>\n\t\t\t\t\t\t\t\t\t<div id=\"elementor-tab-title-1963\" class=\"elementor-tab-title elementor-tab-desktop-title\" aria-selected=\"false\" data-tab=\"3\" role=\"tab\" tabindex=\"-1\" aria-controls=\"elementor-tab-content-1963\" aria-expanded=\"false\">2024<\/div>\n\t\t\t\t\t\t\t\t\t<div id=\"elementor-tab-title-1964\" class=\"elementor-tab-title elementor-tab-desktop-title\" aria-selected=\"false\" data-tab=\"4\" role=\"tab\" tabindex=\"-1\" aria-controls=\"elementor-tab-content-1964\" aria-expanded=\"false\">2023<\/div>\n\t\t\t\t\t\t\t\t\t<div id=\"elementor-tab-title-1965\" class=\"elementor-tab-title elementor-tab-desktop-title\" aria-selected=\"false\" data-tab=\"5\" role=\"tab\" tabindex=\"-1\" aria-controls=\"elementor-tab-content-1965\" aria-expanded=\"false\">2022<\/div>\n\t\t\t\t\t\t\t\t\t<div id=\"elementor-tab-title-1966\" class=\"elementor-tab-title elementor-tab-desktop-title\" aria-selected=\"false\" data-tab=\"6\" role=\"tab\" tabindex=\"-1\" aria-controls=\"elementor-tab-content-1966\" aria-expanded=\"false\">2021<\/div>\n\t\t\t\t\t\t\t\t\t<div id=\"elementor-tab-title-1967\" class=\"elementor-tab-title elementor-tab-desktop-title\" aria-selected=\"false\" data-tab=\"7\" role=\"tab\" tabindex=\"-1\" aria-controls=\"elementor-tab-content-1967\" aria-expanded=\"false\">2020<\/div>\n\t\t\t\t\t\t\t\t\t<div id=\"elementor-tab-title-1968\" class=\"elementor-tab-title elementor-tab-desktop-title\" aria-selected=\"false\" data-tab=\"8\" role=\"tab\" tabindex=\"-1\" aria-controls=\"elementor-tab-content-1968\" aria-expanded=\"false\">2019<\/div>\n\t\t\t\t\t\t\t<\/div>\n\t\t\t<div class=\"elementor-tabs-content-wrapper\" role=\"tablist\" aria-orientation=\"vertical\">\n\t\t\t\t\t\t\t\t\t<div class=\"elementor-tab-title elementor-tab-mobile-title\" aria-selected=\"true\" data-tab=\"1\" role=\"tab\" tabindex=\"0\" aria-controls=\"elementor-tab-content-1961\" aria-expanded=\"false\">2026<\/div>\n\t\t\t\t\t<div id=\"elementor-tab-content-1961\" class=\"elementor-tab-content elementor-clearfix\" data-tab=\"1\" role=\"tabpanel\" aria-labelledby=\"elementor-tab-title-1961\" tabindex=\"0\" hidden=\"false\"><ul><li><a style=\"font-family: var( --e-global-typography-text-font-family ), Sans-serif;\" href=\"https:\/\/oabpocosdecaldas.org.br\/wp-content\/uploads\/2026\/03\/PD022026.pdf\" target=\"_blank\" rel=\"noopener\">Fevereiro<\/a><\/li><li><a style=\"font-family: var( --e-global-typography-text-font-family ), Sans-serif;\" href=\"https:\/\/oabpocosdecaldas.org.br\/wp-content\/uploads\/2025\/02\/PD012025.pdf\" target=\"_blank\" rel=\"noopener\">Janeiro<\/a><\/li><\/ul><\/div>\n\t\t\t\t\t\t\t\t\t<div class=\"elementor-tab-title elementor-tab-mobile-title\" aria-selected=\"false\" data-tab=\"2\" role=\"tab\" tabindex=\"-1\" aria-controls=\"elementor-tab-content-1962\" aria-expanded=\"false\">2025<\/div>\n\t\t\t\t\t<div id=\"elementor-tab-content-1962\" class=\"elementor-tab-content elementor-clearfix\" data-tab=\"2\" role=\"tabpanel\" aria-labelledby=\"elementor-tab-title-1962\" tabindex=\"0\" hidden=\"hidden\"><ul><li><a href=\"https:\/\/oabpocosdecaldas.org.br\/wp-content\/uploads\/2026\/01\/PD122025.pdf\" target=\"_blank\" rel=\"noopener\">Dezembro<\/a><\/li><li><a href=\"https:\/\/oabpocosdecaldas.org.br\/wp-content\/uploads\/2025\/12\/PD112025.pdf\" target=\"_blank\" rel=\"noopener\">Novembro<\/a><\/li><li><a href=\"https:\/\/oabpocosdecaldas.org.br\/wp-content\/uploads\/2025\/11\/PD102025.pdf\" target=\"_blank\" rel=\"noopener\">Outubro<\/a><\/li><li><a href=\"https:\/\/oabpocosdecaldas.org.br\/wp-content\/uploads\/2025\/10\/PD092025.pdf\" target=\"_blank\" rel=\"noopener\">Setembro<\/a><\/li><li><a href=\"https:\/\/oabpocosdecaldas.org.br\/wp-content\/uploads\/2025\/09\/PD082025.pdf\" target=\"_blank\" rel=\"noopener\">Agosto<\/a><\/li><li><a href=\"https:\/\/oabpocosdecaldas.org.br\/wp-content\/uploads\/2025\/08\/PD072025.pdf\" target=\"_blank\" rel=\"noopener\">Julho<\/a><\/li><li style=\"font-size: 16px;\"><a href=\"https:\/\/oabpocosdecaldas.org.br\/wp-content\/uploads\/2025\/07\/PD062025.pdf\" target=\"_blank\" rel=\"noopener\">Junho<\/a><\/li><li><a style=\"font-family: var( --e-global-typography-text-font-family ), Sans-serif;\" href=\"https:\/\/oabpocosdecaldas.org.br\/wp-content\/uploads\/2025\/06\/PD052025.pdf\" target=\"_blank\" rel=\"noopener\">Maio<\/a><\/li><li><a style=\"font-family: var( --e-global-typography-text-font-family ), Sans-serif;\" href=\"https:\/\/oabpocosdecaldas.org.br\/wp-content\/uploads\/2025\/06\/PD042025.pdf\" target=\"_blank\" rel=\"noopener\">Abril<\/a><\/li><li><a style=\"font-family: var( --e-global-typography-text-font-family ), Sans-serif;\" href=\"https:\/\/oabpocosdecaldas.org.br\/wp-content\/uploads\/2025\/05\/PD032025.pdf\" target=\"_blank\" rel=\"noopener\">Mar\u00e7o<\/a><\/li><li><a style=\"font-family: var( --e-global-typography-text-font-family ), Sans-serif;\" href=\"https:\/\/oabpocosdecaldas.org.br\/wp-content\/uploads\/2025\/03\/PD022025.pdf\" target=\"_blank\" rel=\"noopener\">Fevereiro<\/a><\/li><li><a style=\"font-family: var( --e-global-typography-text-font-family ), Sans-serif;\" href=\"https:\/\/oabpocosdecaldas.org.br\/wp-content\/uploads\/2025\/02\/PD012025.pdf\" target=\"_blank\" rel=\"noopener\">Janeiro<\/a><\/li><\/ul><\/div>\n\t\t\t\t\t\t\t\t\t<div class=\"elementor-tab-title elementor-tab-mobile-title\" aria-selected=\"false\" data-tab=\"3\" role=\"tab\" tabindex=\"-1\" aria-controls=\"elementor-tab-content-1963\" aria-expanded=\"false\">2024<\/div>\n\t\t\t\t\t<div id=\"elementor-tab-content-1963\" class=\"elementor-tab-content elementor-clearfix\" data-tab=\"3\" role=\"tabpanel\" aria-labelledby=\"elementor-tab-title-1963\" tabindex=\"0\" hidden=\"hidden\"><ul><li><a href=\"https:\/\/oabpocosdecaldas.org.br\/wp-content\/uploads\/2025\/01\/PD122024.pdf\" target=\"_blank\" rel=\"noopener\">Dezembro<\/a><\/li><li><a href=\"https:\/\/oabpocosdecaldas.org.br\/wp-content\/uploads\/2024\/12\/PD112024.pdf\" target=\"_blank\" rel=\"noopener\">Novembro<\/a><\/li><li><a href=\"https:\/\/oabpocosdecaldas.org.br\/wp-content\/uploads\/2024\/11\/PD102024.pdf\" target=\"_blank\" rel=\"noopener\">Outubro<\/a><\/li><li><a href=\"https:\/\/oabpocosdecaldas.org.br\/wp-content\/uploads\/2024\/10\/PD092024.pdf\" target=\"_blank\" rel=\"noopener\">Setembro<\/a><\/li><li><a href=\"https:\/\/oabpocosdecaldas.org.br\/wp-content\/uploads\/2024\/09\/PD082024.pdf\" target=\"_blank\" rel=\"noopener\">Agosto<\/a><\/li><li><a href=\"https:\/\/oabpocosdecaldas.org.br\/wp-content\/uploads\/2024\/08\/PD072024.pdf\" target=\"_blank\" rel=\"noopener\">Julho<\/a><\/li><li><a href=\"https:\/\/oabpocosdecaldas.org.br\/wp-content\/uploads\/2024\/07\/PD062024.pdf\" target=\"_blank\" rel=\"noopener\">Junho<\/a><\/li><li><a href=\"https:\/\/oabpocosdecaldas.org.br\/wp-content\/uploads\/2024\/06\/PD052024.pdf\" target=\"_blank\" rel=\"noopener\">Maio<\/a><\/li><li><a href=\"https:\/\/oabpocosdecaldas.org.br\/wp-content\/uploads\/2024\/05\/PD042024.pdf\" target=\"_blank\" rel=\"noopener\">Abril<\/a><\/li><li><a href=\"https:\/\/oabpocosdecaldas.org.br\/wp-content\/uploads\/2024\/04\/PD032024.pdf\" target=\"_blank\" rel=\"noopener\">Mar\u00e7o<\/a><\/li><li><a href=\"https:\/\/oabpocosdecaldas.org.br\/wp-content\/uploads\/2024\/03\/PD022024.pdf\" target=\"_blank\" rel=\"noopener\">Fevereiro<\/a><\/li><li><a href=\"https:\/\/oabpocosdecaldas.org.br\/wp-content\/uploads\/2024\/02\/PD012024.pdf\" target=\"_blank\" rel=\"noopener\">Janeiro<\/a><\/li><\/ul><\/div>\n\t\t\t\t\t\t\t\t\t<div class=\"elementor-tab-title elementor-tab-mobile-title\" aria-selected=\"false\" data-tab=\"4\" role=\"tab\" tabindex=\"-1\" aria-controls=\"elementor-tab-content-1964\" aria-expanded=\"false\">2023<\/div>\n\t\t\t\t\t<div id=\"elementor-tab-content-1964\" class=\"elementor-tab-content elementor-clearfix\" data-tab=\"4\" role=\"tabpanel\" aria-labelledby=\"elementor-tab-title-1964\" tabindex=\"0\" hidden=\"hidden\"><div><ul style=\"font-size: 16px; background-color: #ffffff;\"><li><a style=\"color: #c2965b;\" href=\"https:\/\/oabpocosdecaldas.org.br\/wp-content\/uploads\/2024\/01\/PD122023.pdf\" target=\"_blank\" rel=\"noopener\">Dezembro<\/a><\/li><li><a style=\"color: #c2965b;\" href=\"https:\/\/oabpocosdecaldas.org.br\/wp-content\/uploads\/2023\/12\/PD112023.pdf\" target=\"_blank\" rel=\"noopener\">Novembro<\/a><\/li><li><a style=\"color: #c2965b;\" href=\"https:\/\/oabpocosdecaldas.org.br\/wp-content\/uploads\/2023\/11\/PD102023.pdf\" target=\"_blank\" rel=\"noopener\">Outubro<\/a><\/li><li><a style=\"color: #c2965b;\" href=\"https:\/\/oabpocosdecaldas.org.br\/wp-content\/uploads\/2023\/10\/PD092023.pdf\" target=\"_blank\" rel=\"noopener\">Setembro<\/a><\/li><li><a style=\"color: #c2965b;\" href=\"https:\/\/oabpocosdecaldas.org.br\/wp-content\/uploads\/2023\/09\/PD082023.pdf\" target=\"_blank\" rel=\"noopener\">Agosto<\/a><\/li><li><a style=\"color: #c2965b;\" href=\"https:\/\/oabpocosdecaldas.org.br\/wp-content\/uploads\/2023\/08\/PD0720023.pdf\" target=\"_blank\" rel=\"noopener\">Julho<\/a><\/li><li><a style=\"color: #c2965b;\" href=\"https:\/\/oabpocosdecaldas.org.br\/wp-content\/uploads\/2023\/07\/PD062023.pdf\" target=\"_blank\" rel=\"noopener\">Junho<\/a><\/li><li><a style=\"color: #c2965b;\" href=\"https:\/\/oabpocosdecaldas.org.br\/wp-content\/uploads\/2023\/06\/PD052023.pdf\" target=\"_blank\" rel=\"noopener\">Maio<\/a><\/li><li style=\"font-size: 16px;\"><a style=\"color: #c2965b;\" href=\"https:\/\/oabpocosdecaldas.org.br\/wp-content\/uploads\/2023\/05\/PD042023.pdf\" target=\"_blank\" rel=\"noopener\">Abril<\/a><\/li><li style=\"font-size: 16px;\"><a style=\"color: #c2965b;\" href=\"https:\/\/oabpocosdecaldas.org.br\/wp-content\/uploads\/2023\/04\/PD032023.pdf\" target=\"_blank\" rel=\"noopener\">Mar\u00e7o<\/a><\/li><\/ul><\/div><ul><li><a href=\"https:\/\/oabpocosdecaldas.org.br\/wp-content\/uploads\/2023\/03\/PD022023.pdf\" target=\"_blank\" rel=\"noopener\">Fevereiro<\/a><\/li><li><a href=\"https:\/\/oabpocosdecaldas.org.br\/wp-content\/uploads\/2023\/02\/PD012023.pdf\" target=\"_blank\" rel=\"noopener\">Janeiro<\/a><\/li><\/ul><\/div>\n\t\t\t\t\t\t\t\t\t<div class=\"elementor-tab-title elementor-tab-mobile-title\" aria-selected=\"false\" data-tab=\"5\" role=\"tab\" tabindex=\"-1\" aria-controls=\"elementor-tab-content-1965\" aria-expanded=\"false\">2022<\/div>\n\t\t\t\t\t<div id=\"elementor-tab-content-1965\" class=\"elementor-tab-content elementor-clearfix\" data-tab=\"5\" role=\"tabpanel\" aria-labelledby=\"elementor-tab-title-1965\" tabindex=\"0\" hidden=\"hidden\"><ul><li><a href=\"https:\/\/oabpocosdecaldas.org.br\/wp-content\/uploads\/2023\/01\/PD122022.pdf\" target=\"_blank\" rel=\"noopener\">Dezembro<\/a><\/li><li><a href=\"https:\/\/oabpocosdecaldas.org.br\/wp-content\/uploads\/2022\/12\/PD112022.pdf\" target=\"_blank\" rel=\"noopener\">Novembro<\/a><\/li><li><a href=\"https:\/\/oabpocosdecaldas.org.br\/wp-content\/uploads\/2022\/11\/PD102022.pdf\" target=\"_blank\" rel=\"noopener\">Outubro<\/a><\/li><li><a href=\"https:\/\/oabpocosdecaldas.org.br\/wp-content\/uploads\/2022\/10\/PD092022.pdf\" target=\"_blank\" rel=\"noopener\">Setembro<\/a><\/li><li><a href=\"https:\/\/oabpocosdecaldas.org.br\/wp-content\/uploads\/2022\/09\/PD082022.pdf\" target=\"_blank\" rel=\"noopener\">Agosto<\/a><\/li><li style=\"font-size: 16px;\"><a href=\"https:\/\/oabpocosdecaldas.org.br\/wp-content\/uploads\/2022\/08\/PD072022.pdf\" target=\"_blank\" rel=\"noopener\">Julho<\/a><\/li><li><a href=\"https:\/\/oabpocosdecaldas.org.br\/wp-content\/uploads\/2022\/07\/PD062022.pdf\" target=\"_blank\" rel=\"noopener\">Junho<\/a><\/li><li><a href=\"https:\/\/oabpocosdecaldas.org.br\/wp-content\/uploads\/2022\/06\/PD052022.pdf\" target=\"_blank\" rel=\"noopener\">Maio<\/a><\/li><li style=\"font-size: 16px;\"><a href=\"https:\/\/oabpocosdecaldas.org.br\/wp-content\/uploads\/2022\/05\/PD042022.pdf\" target=\"_blank\" rel=\"noopener\">Abril<\/a><\/li><li style=\"font-size: 16px;\"><a href=\"https:\/\/oabpocosdecaldas.org.br\/wp-content\/uploads\/2022\/04\/PD032022.pdf\" target=\"_blank\" rel=\"noopener\">Mar\u00e7o<\/a><\/li><li><a href=\"https:\/\/oabpocosdecaldas.org.br\/wp-content\/uploads\/2022\/03\/PD022022.pdf\" target=\"_blank\" rel=\"noopener\">Fevereiro<\/a><\/li><li><a href=\"https:\/\/oabpocosdecaldas.org.br\/wp-content\/uploads\/2022\/03\/PD012022.pdf\" target=\"_blank\" rel=\"noopener\">Janeiro<\/a><\/li><\/ul><\/div>\n\t\t\t\t\t\t\t\t\t<div class=\"elementor-tab-title elementor-tab-mobile-title\" aria-selected=\"false\" data-tab=\"6\" role=\"tab\" tabindex=\"-1\" aria-controls=\"elementor-tab-content-1966\" aria-expanded=\"false\">2021<\/div>\n\t\t\t\t\t<div id=\"elementor-tab-content-1966\" class=\"elementor-tab-content elementor-clearfix\" data-tab=\"6\" role=\"tabpanel\" aria-labelledby=\"elementor-tab-title-1966\" tabindex=\"0\" hidden=\"hidden\"><ul><li><a href=\"https:\/\/oabpocosdecaldas.org.br\/wp-content\/uploads\/2022\/01\/PD122021.pdf\" target=\"_blank\" rel=\"noopener\">Dezembro<\/a><\/li><li><a href=\"https:\/\/oabpocosdecaldas.org.br\/wp-content\/uploads\/2021\/12\/PD112021.pdf\" target=\"_blank\" rel=\"noopener\">Novembro<\/a><\/li><li><a href=\"https:\/\/oabpocosdecaldas.org.br\/wp-content\/uploads\/2021\/11\/PD102021.pdf\" target=\"_blank\" rel=\"noopener\">Outubro<\/a><\/li><li><a href=\"https:\/\/oabpocosdecaldas.org.br\/wp-content\/uploads\/2021\/10\/PD092021.pdf\" target=\"_blank\" rel=\"noopener\">Setembro<\/a><\/li><li><a href=\"https:\/\/oabpocosdecaldas.org.br\/wp-content\/uploads\/2021\/09\/PD082021.pdf\" target=\"_blank\" rel=\"noopener\">Agosto<\/a><\/li><li style=\"font-size: 16px;\"><a href=\"https:\/\/oabpocosdecaldas.org.br\/wp-content\/uploads\/2021\/08\/PD072021.pdf\" target=\"_blank\" rel=\"noopener\">Julho<\/a><\/li><li style=\"font-size: 16px;\"><a href=\"https:\/\/oabpocosdecaldas.org.br\/wp-content\/uploads\/2021\/07\/PD062021.pdf\" target=\"_blank\" rel=\"noopener\">Junho<\/a><\/li><li><a href=\"https:\/\/oabpocosdecaldas.org.br\/wp-content\/uploads\/2021\/06\/PD052021.pdf\" target=\"_blank\" rel=\"noopener\">Maio<\/a><\/li><li><a href=\"https:\/\/oabpocosdecaldas.org.br\/wp-content\/uploads\/2021\/05\/PD042021.pdf\" target=\"_blank\" rel=\"noopener\">Abril<\/a><\/li><li><a href=\"https:\/\/oabpocosdecaldas.org.br\/wp-content\/uploads\/2021\/05\/PD032021.pdf\" target=\"_blank\" rel=\"noopener\">Mar\u00e7o<\/a><\/li><li><a href=\"https:\/\/oabpocosdecaldas.org.br\/wp-content\/uploads\/2021\/05\/PD022021.pdf\" target=\"_blank\" rel=\"noopener\">Fevereiro<\/a><\/li><li><a href=\"https:\/\/oabpocosdecaldas.org.br\/wp-content\/uploads\/2021\/05\/PD012021.pdf\" target=\"_blank\" rel=\"noopener\">Janeiro<\/a><\/li><\/ul><\/div>\n\t\t\t\t\t\t\t\t\t<div class=\"elementor-tab-title elementor-tab-mobile-title\" aria-selected=\"false\" data-tab=\"7\" role=\"tab\" tabindex=\"-1\" aria-controls=\"elementor-tab-content-1967\" aria-expanded=\"false\">2020<\/div>\n\t\t\t\t\t<div id=\"elementor-tab-content-1967\" class=\"elementor-tab-content elementor-clearfix\" data-tab=\"7\" role=\"tabpanel\" aria-labelledby=\"elementor-tab-title-1967\" tabindex=\"0\" hidden=\"hidden\"><ul><li><a href=\"https:\/\/oabpocosdecaldas.org.br\/wp-content\/uploads\/2021\/05\/PD122020.pdf\" target=\"_blank\" rel=\"noopener\">Dezembro<\/a><\/li><li><a href=\"https:\/\/oabpocosdecaldas.org.br\/wp-content\/uploads\/2021\/05\/PD112020.pdf\" target=\"_blank\" rel=\"noopener\">Novembro<\/a><\/li><li><a href=\"https:\/\/oabpocosdecaldas.org.br\/wp-content\/uploads\/2021\/05\/PD102020.pdf\" target=\"_blank\" rel=\"noopener\">Outubro<\/a><\/li><li><a href=\"https:\/\/oabpocosdecaldas.org.br\/wp-content\/uploads\/2021\/05\/PD092020.pdf\" target=\"_blank\" rel=\"noopener\">Setembro<\/a><\/li><li><a href=\"https:\/\/oabpocosdecaldas.org.br\/wp-content\/uploads\/2021\/05\/PD082020.pdf\" target=\"_blank\" rel=\"noopener\">Agosto<\/a><\/li><li><a href=\"https:\/\/oabpocosdecaldas.org.br\/wp-content\/uploads\/2021\/05\/PD072020.pdf\" target=\"_blank\" rel=\"noopener\">Julho<\/a><\/li><li><a href=\"https:\/\/oabpocosdecaldas.org.br\/wp-content\/uploads\/2021\/05\/PD062020.pdf\" target=\"_blank\" rel=\"noopener\">Junho<\/a><\/li><li><a href=\"https:\/\/oabpocosdecaldas.org.br\/wp-content\/uploads\/2021\/05\/PD052020.pdf\" target=\"_blank\" rel=\"noopener\">Maio<\/a><\/li><li><a href=\"https:\/\/oabpocosdecaldas.org.br\/wp-content\/uploads\/2021\/05\/PD042020.pdf\" target=\"_blank\" rel=\"noopener\">Abril<\/a><\/li><li><a href=\"https:\/\/oabpocosdecaldas.org.br\/wp-content\/uploads\/2021\/05\/PD032020.pdf\" target=\"_blank\" rel=\"noopener\">Mar\u00e7o<\/a><\/li><li><a href=\"https:\/\/oabpocosdecaldas.org.br\/wp-content\/uploads\/2021\/05\/PD022020.pdf\" target=\"_blank\" rel=\"noopener\">Fevereiro<\/a><\/li><li><a href=\"https:\/\/oabpocosdecaldas.org.br\/wp-content\/uploads\/2021\/05\/PD012020.pdf\" target=\"_blank\" rel=\"noopener\">Janeiro<\/a><\/li><\/ul><\/div>\n\t\t\t\t\t\t\t\t\t<div class=\"elementor-tab-title elementor-tab-mobile-title\" aria-selected=\"false\" data-tab=\"8\" role=\"tab\" tabindex=\"-1\" aria-controls=\"elementor-tab-content-1968\" aria-expanded=\"false\">2019<\/div>\n\t\t\t\t\t<div id=\"elementor-tab-content-1968\" class=\"elementor-tab-content elementor-clearfix\" data-tab=\"8\" role=\"tabpanel\" aria-labelledby=\"elementor-tab-title-1968\" tabindex=\"0\" hidden=\"hidden\"><ul><li><a href=\"https:\/\/oabpocosdecaldas.org.br\/wp-content\/uploads\/2021\/05\/PD122019.pdf\" target=\"_blank\" rel=\"noopener\">Dezembro<\/a><\/li><li><a href=\"https:\/\/oabpocosdecaldas.org.br\/wp-content\/uploads\/2021\/05\/PD112019.pdf\" target=\"_blank\" rel=\"noopener\">Novembro<\/a><\/li><li><a href=\"https:\/\/oabpocosdecaldas.org.br\/wp-content\/uploads\/2021\/05\/PD102019.pdf\" target=\"_blank\" rel=\"noopener\">Outubro<\/a><\/li><li><a href=\"https:\/\/oabpocosdecaldas.org.br\/wp-content\/uploads\/2021\/05\/PD092019.pdf\" target=\"_blank\" rel=\"noopener\">Setembro<\/a><\/li><li><a href=\"https:\/\/oabpocosdecaldas.org.br\/wp-content\/uploads\/2021\/05\/PD082019.pdf\" target=\"_blank\" rel=\"noopener\">Agosto<\/a><\/li><li><a href=\"https:\/\/oabpocosdecaldas.org.br\/wp-content\/uploads\/2021\/05\/PD072019.pdf\" target=\"_blank\" rel=\"noopener\">Julho<\/a><\/li><li><a href=\"https:\/\/oabpocosdecaldas.org.br\/wp-content\/uploads\/2021\/05\/PD062019.pdf\" target=\"_blank\" rel=\"noopener\">Junho<\/a><\/li><li><a href=\"https:\/\/oabpocosdecaldas.org.br\/wp-content\/uploads\/2021\/05\/PD052019.pdf\" target=\"_blank\" rel=\"noopener\">Maio<\/a><\/li><li><a href=\"https:\/\/oabpocosdecaldas.org.br\/wp-content\/uploads\/2021\/05\/PD042019.pdf\" target=\"_blank\" rel=\"noopener\">Abril<\/a><\/li><li><a href=\"https:\/\/oabpocosdecaldas.org.br\/wp-content\/uploads\/2021\/05\/PD032019.pdf\" target=\"_blank\" rel=\"noopener\">Mar\u00e7o<\/a><\/li><li><a href=\"https:\/\/oabpocosdecaldas.org.br\/wp-content\/uploads\/2021\/05\/PD022019.pdf\" target=\"_blank\" rel=\"noopener\">Fevereiro<\/a><\/li><li><a href=\"https:\/\/oabpocosdecaldas.org.br\/wp-content\/uploads\/2021\/05\/PD012019.pdf\" target=\"_blank\" rel=\"noopener\">Janeiro<\/a><\/li><\/ul><\/div>\n\t\t\t\t\t\t\t<\/div>\n\t\t<\/div>\n\t\t\t\t\t\t<\/div>\n\t\t\t\t<\/div>\n\t\t\t\t\t<\/div>\n\t\t<\/div>\n\t\t\t\t\t<\/div>\n\t\t<\/section>\n\t\t\t\t<section class=\"elementor-section elementor-top-section elementor-element elementor-element-ff2e14e elementor-section-boxed elementor-section-height-default elementor-section-height-default\" data-id=\"ff2e14e\" data-element_type=\"section\" data-e-type=\"section\">\n\t\t\t\t\t\t<div class=\"elementor-container elementor-column-gap-default\">\n\t\t\t\t\t<div class=\"elementor-column elementor-col-100 elementor-top-column elementor-element elementor-element-e8c7c33\" data-id=\"e8c7c33\" data-element_type=\"column\" data-e-type=\"column\">\n\t\t\t<div class=\"elementor-widget-wrap elementor-element-populated\">\n\t\t\t\t\t\t<section class=\"elementor-section elementor-inner-section elementor-element elementor-element-8771e41 elementor-section-boxed elementor-section-height-default elementor-section-height-default\" data-id=\"8771e41\" data-element_type=\"section\" data-e-type=\"section\">\n\t\t\t\t\t\t<div class=\"elementor-container elementor-column-gap-default\">\n\t\t\t\t\t<div class=\"elementor-column elementor-col-50 elementor-inner-column elementor-element elementor-element-8efd54d\" data-id=\"8efd54d\" data-element_type=\"column\" data-e-type=\"column\">\n\t\t\t<div class=\"elementor-widget-wrap\">\n\t\t\t\t\t\t\t<\/div>\n\t\t<\/div>\n\t\t\t\t<div class=\"elementor-column elementor-col-50 elementor-inner-column elementor-element elementor-element-dfb5406\" data-id=\"dfb5406\" data-element_type=\"column\" data-e-type=\"column\">\n\t\t\t<div class=\"elementor-widget-wrap\">\n\t\t\t\t\t\t\t<\/div>\n\t\t<\/div>\n\t\t\t\t\t<\/div>\n\t\t<\/section>\n\t\t\t\t\t<\/div>\n\t\t<\/div>\n\t\t\t\t\t<\/div>\n\t\t<\/section>\n\t\t\t\t<\/div>\n\t\t","protected":false},"excerpt":{"rendered":"<p>PROCESSO ESTAT\u00cdSTICAS 2026 2025 2024 2023 2022 2021 2020 2019 2026 Fevereiro Janeiro 2025 Dezembro Novembro Outubro Setembro Agosto Julho Junho Maio Abril Mar\u00e7o Fevereiro Janeiro 2024 Dezembro Novembro Outubro Setembro Agosto Julho Junho Maio Abril Mar\u00e7o Fevereiro Janeiro 2023 Dezembro Novembro Outubro Setembro Agosto Julho Junho Maio Abril Mar\u00e7o Fevereiro Janeiro 2022 Dezembro Novembro [&hellip;]<\/p>\n","protected":false},"author":1,"featured_media":0,"parent":0,"menu_order":0,"comment_status":"closed","ping_status":"closed","template":"elementor_canvas","meta":{"footnotes":""},"class_list":["post-946","page","type-page","status-publish","hentry"],"_links":{"self":[{"href":"https:\/\/oabpocosdecaldas.org.br\/index.php\/wp-json\/wp\/v2\/pages\/946","targetHints":{"allow":["GET"]}}],"collection":[{"href":"https:\/\/oabpocosdecaldas.org.br\/index.php\/wp-json\/wp\/v2\/pages"}],"about":[{"href":"https:\/\/oabpocosdecaldas.org.br\/index.php\/wp-json\/wp\/v2\/types\/page"}],"author":[{"embeddable":true,"href":"https:\/\/oabpocosdecaldas.org.br\/index.php\/wp-json\/wp\/v2\/users\/1"}],"replies":[{"embeddable":true,"href":"https:\/\/oabpocosdecaldas.org.br\/index.php\/wp-json\/wp\/v2\/comments?post=946"}],"version-history":[{"count":153,"href":"https:\/\/oabpocosdecaldas.org.br\/index.php\/wp-json\/wp\/v2\/pages\/946\/revisions"}],"predecessor-version":[{"id":8086,"href":"https:\/\/oabpocosdecaldas.org.br\/index.php\/wp-json\/wp\/v2\/pages\/946\/revisions\/8086"}],"wp:attachment":[{"href":"https:\/\/oabpocosdecaldas.org.br\/index.php\/wp-json\/wp\/v2\/media?parent=946"}],"curies":[{"name":"wp","href":"https:\/\/api.w.org\/{rel}","templated":true}]}}