{"id":737,"date":"2021-05-11T18:28:27","date_gmt":"2021-05-11T21:28:27","guid":{"rendered":"http:\/\/oabpocosdecaldas.org.br\/?page_id=737"},"modified":"2022-02-04T15:09:54","modified_gmt":"2022-02-04T18:09:54","slug":"pje","status":"publish","type":"page","link":"https:\/\/oabpocosdecaldas.org.br\/index.php\/pje\/","title":{"rendered":"PJE"},"content":{"rendered":"\t\t<div data-elementor-type=\"wp-page\" data-elementor-id=\"737\" class=\"elementor elementor-737\" data-elementor-post-type=\"page\">\n\t\t\t\t\t\t<section class=\"elementor-section elementor-top-section elementor-element elementor-element-a7a5971 elementor-section-boxed elementor-section-height-default elementor-section-height-default\" data-id=\"a7a5971\" data-element_type=\"section\" data-e-type=\"section\">\n\t\t\t\t\t\t<div class=\"elementor-container elementor-column-gap-default\">\n\t\t\t\t\t<div class=\"elementor-column elementor-col-100 elementor-top-column elementor-element elementor-element-f27872a\" data-id=\"f27872a\" data-element_type=\"column\" data-e-type=\"column\">\n\t\t\t<div class=\"elementor-widget-wrap elementor-element-populated\">\n\t\t\t\t\t\t<div class=\"elementor-element elementor-element-f902e84 elementor-widget-divider--view-line_text elementor-widget-divider--element-align-right elementor-widget elementor-widget-divider\" data-id=\"f902e84\" data-element_type=\"widget\" data-e-type=\"widget\" data-widget_type=\"divider.default\">\n\t\t\t\t<div class=\"elementor-widget-container\">\n\t\t\t\t\t\t\t<div class=\"elementor-divider\">\n\t\t\t<span class=\"elementor-divider-separator\">\n\t\t\t\t\t\t\t<span class=\"elementor-divider__text elementor-divider__element\">\n\t\t\t\tPJE\t\t\t\t<\/span>\n\t\t\t\t\t\t<\/span>\n\t\t<\/div>\n\t\t\t\t\t\t<\/div>\n\t\t\t\t<\/div>\n\t\t\t\t\t<\/div>\n\t\t<\/div>\n\t\t\t\t\t<\/div>\n\t\t<\/section>\n\t\t\t\t<section class=\"elementor-section elementor-top-section elementor-element elementor-element-a66f0c4 elementor-section-boxed elementor-section-height-default elementor-section-height-default\" data-id=\"a66f0c4\" data-element_type=\"section\" data-e-type=\"section\" data-settings=\"{&quot;background_background&quot;:&quot;classic&quot;}\">\n\t\t\t\t\t\t<div class=\"elementor-container elementor-column-gap-default\">\n\t\t\t\t\t<div class=\"elementor-column elementor-col-100 elementor-top-column elementor-element elementor-element-e1ef6b6\" data-id=\"e1ef6b6\" data-element_type=\"column\" data-e-type=\"column\">\n\t\t\t<div class=\"elementor-widget-wrap elementor-element-populated\">\n\t\t\t\t\t\t<div class=\"elementor-element elementor-element-fa71c46 elementor-tabs-view-horizontal elementor-widget elementor-widget-tabs\" data-id=\"fa71c46\" data-element_type=\"widget\" data-e-type=\"widget\" data-widget_type=\"tabs.default\">\n\t\t\t\t<div class=\"elementor-widget-container\">\n\t\t\t\t\t\t\t<div class=\"elementor-tabs\">\n\t\t\t<div class=\"elementor-tabs-wrapper\" role=\"tablist\" >\n\t\t\t\t\t\t\t\t\t<div id=\"elementor-tab-title-2621\" class=\"elementor-tab-title elementor-tab-desktop-title\" aria-selected=\"true\" data-tab=\"1\" role=\"tab\" tabindex=\"0\" aria-controls=\"elementor-tab-content-2621\" aria-expanded=\"false\">CERTIFICADO DIGITAL<\/div>\n\t\t\t\t\t\t\t\t\t<div id=\"elementor-tab-title-2622\" class=\"elementor-tab-title elementor-tab-desktop-title\" aria-selected=\"false\" data-tab=\"2\" role=\"tab\" tabindex=\"-1\" aria-controls=\"elementor-tab-content-2622\" aria-expanded=\"false\">TUTORIAIS\/OUTROS<\/div>\n\t\t\t\t\t\t\t\t\t<div id=\"elementor-tab-title-2623\" class=\"elementor-tab-title elementor-tab-desktop-title\" aria-selected=\"false\" data-tab=\"3\" role=\"tab\" tabindex=\"-1\" aria-controls=\"elementor-tab-content-2623\" aria-expanded=\"false\">DOWNLOAD<\/div>\n\t\t\t\t\t\t\t\t\t<div id=\"elementor-tab-title-2624\" class=\"elementor-tab-title elementor-tab-desktop-title\" aria-selected=\"false\" data-tab=\"4\" role=\"tab\" tabindex=\"-1\" aria-controls=\"elementor-tab-content-2624\" aria-expanded=\"false\">DICAS E SUGEST\u00d5ES<\/div>\n\t\t\t\t\t\t\t\t\t<div id=\"elementor-tab-title-2625\" class=\"elementor-tab-title elementor-tab-desktop-title\" aria-selected=\"false\" data-tab=\"5\" role=\"tab\" tabindex=\"-1\" aria-controls=\"elementor-tab-content-2625\" aria-expanded=\"false\">INSS DIGITAL<\/div>\n\t\t\t\t\t\t\t<\/div>\n\t\t\t<div class=\"elementor-tabs-content-wrapper\" role=\"tablist\" aria-orientation=\"vertical\">\n\t\t\t\t\t\t\t\t\t<div class=\"elementor-tab-title elementor-tab-mobile-title\" aria-selected=\"true\" data-tab=\"1\" role=\"tab\" tabindex=\"0\" aria-controls=\"elementor-tab-content-2621\" aria-expanded=\"false\">CERTIFICADO DIGITAL<\/div>\n\t\t\t\t\t<div id=\"elementor-tab-content-2621\" class=\"elementor-tab-content elementor-clearfix\" data-tab=\"1\" role=\"tabpanel\" aria-labelledby=\"elementor-tab-title-2621\" tabindex=\"0\" hidden=\"false\"><p><strong>Nossos parceiros:<\/strong><\/p><div>\u00a0<\/div><ul><li><strong>CD F\u00e1cil Certificado Digital<\/strong><br \/>Av Champagnat, 411 | Po\u00e7os de Caldas\/MG | 3713-8107 | <a href=\"http:\/\/www.cdfacil.com.br\" target=\"_blank\" rel=\"noopener\">www.cdfacil.com.br<\/a><br \/>Desconto para aquisi\u00e7\u00e3o de certificados digital para advogados inscritos, com posto de atendimento fixo.<\/li><\/ul><div>\u00a0<\/div><ul><li><strong>AR Lousano Certificados Digitais<\/strong><br \/>Rua Reinaldo Amarente, 362-1 | Po\u00e7os de Caldas\/MG | 3114-8831<br \/>Desconto para aquisi\u00e7\u00e3o de certificados digital para advogados inscritos, com posto de atendimento fixo.<\/li><li>\u00a0<\/li><li><strong>Minas Digital \u2013 Caixa de Assist\u00eancia dos Advogados de Minas Gerais<br \/><\/strong>Aquisi\u00e7\u00e3o somente via internet | <a href=\"https:\/\/www.caamg.org.br\/minas-digital\/\" target=\"_blank\" rel=\"noopener\">www.caamg.com.br<\/a><br \/>Postos de atendimento fixo em BH e cidades do interior \u2013 Atendimento itinerante em Po\u00e7os de Caldas com agendamento no pr\u00f3prio site ap\u00f3s finalizar a compra (consulte agenda).<\/li><li>\u00a0<\/li><\/ul><\/div>\n\t\t\t\t\t\t\t\t\t<div class=\"elementor-tab-title elementor-tab-mobile-title\" aria-selected=\"false\" data-tab=\"2\" role=\"tab\" tabindex=\"-1\" aria-controls=\"elementor-tab-content-2622\" aria-expanded=\"false\">TUTORIAIS\/OUTROS<\/div>\n\t\t\t\t\t<div id=\"elementor-tab-content-2622\" class=\"elementor-tab-content elementor-clearfix\" data-tab=\"2\" role=\"tabpanel\" aria-labelledby=\"elementor-tab-title-2622\" tabindex=\"0\" hidden=\"hidden\"><p>Videoconfer\u00eancia para Desktop |<strong> Webex Meetings<\/strong> | <a href=\"https:\/\/www.webex.com\/pt\/downloads.html\" target=\"_blank\" rel=\"noopener\">baixar<\/a><\/p><p><strong>SEI Processos<\/strong><\/p><p>Tutorial Cadastro e Acesso | OAB Po\u00e7os | <a href=\"https:\/\/oabpocosdecaldas.org.br\/wp-content\/uploads\/2021\/05\/TUTORIAL_SEI.pdf\" target=\"_blank\" rel=\"noopener\">baixar<\/a><\/p><p>Manual Cadastro e Recupera\u00e7\u00e3o de Senha | TJMG | <a href=\"https:\/\/oabpocosdecaldas.org.br\/wp-content\/uploads\/2021\/05\/Manual-Cadastro-usuario-externo.pdf\" target=\"_blank\" rel=\"noopener\">baixar<\/a><\/p><p>Manual Peticionamento Intercorrente | TJMG | <a href=\"https:\/\/oabpocosdecaldas.org.br\/wp-content\/uploads\/2021\/05\/manual_peticionamento_intercorrente2.pdf\" target=\"_blank\" rel=\"noopener\">Baixar<\/a><\/p><p><strong>Juntada \u00c1udio e V\u00eddeo \u2013 Vara do Trabalho Po\u00e7os<\/strong><\/p><p>Tutorial Google Drive | TRT3 | <a href=\"https:\/\/oabpocosdecaldas.org.br\/wp-content\/uploads\/2021\/05\/TRT-DRIVE.pdf\" target=\"_blank\" rel=\"noopener\">baixar<\/a><\/p><p>Acesso Remoto | <strong>Team Viewer<\/strong> | <a href=\"https:\/\/download.teamviewer.com\/download\/TeamViewer_Setup.exe\" target=\"_blank\" rel=\"noopener\">baixar<\/a><\/p><p>Acesso Remoto | <strong>AnyDesk<\/strong> | <a href=\"https:\/\/download.anydesk.com\/AnyDesk.exe?_ga=2.109633477.1333540632.1621105263-1016476006.1621105263\" target=\"_blank\" rel=\"noopener\">baixar<\/a><\/p><p>\u00a0<\/p><\/div>\n\t\t\t\t\t\t\t\t\t<div class=\"elementor-tab-title elementor-tab-mobile-title\" aria-selected=\"false\" data-tab=\"3\" role=\"tab\" tabindex=\"-1\" aria-controls=\"elementor-tab-content-2623\" aria-expanded=\"false\">DOWNLOAD<\/div>\n\t\t\t\t\t<div id=\"elementor-tab-content-2623\" class=\"elementor-tab-content elementor-clearfix\" data-tab=\"3\" role=\"tabpanel\" aria-labelledby=\"elementor-tab-title-2623\" tabindex=\"0\" hidden=\"hidden\"><p>Navegador | <strong>Mozilla Firefox<\/strong> | <a href=\"https:\/\/drive.google.com\/file\/d\/1TiwmBDMuOw8zhmjBTm-ZfP4fZdzEn3lt\/view?usp=sharing\" target=\"_blank\" rel=\"noopener\">baixar<\/a><\/p><hr \/><p>Assinador | <strong>Pje Office<\/strong> | baixar | <strong>TJMG e TRT3<\/strong> | Link Alternativo | <a href=\"https:\/\/drive.google.com\/file\/d\/1vp9fE5NiKQlGyJ_6FeYP0V2yGsS6-Orc\/view?usp=sharing\" target=\"_blank\" rel=\"noopener\">baixar<\/a><\/p><p>Assinador | <strong>Shod\u00f4<\/strong> | <a href=\"https:\/\/portal.trt3.jus.br\/internet\/servicos\/pje\/pje-em-casa-1\/downloads\/arquivos\/Instalador_shodo_1.1.1.msi\" target=\"_blank\" rel=\"noopener\">baixar<\/a> | TRT3<\/p><hr \/><p><strong>Java<\/strong> | <a href=\"http:\/\/www.java.com\" target=\"_blank\" rel=\"noopener\">baixar<\/a><\/p><\/div>\n\t\t\t\t\t\t\t\t\t<div class=\"elementor-tab-title elementor-tab-mobile-title\" aria-selected=\"false\" data-tab=\"4\" role=\"tab\" tabindex=\"-1\" aria-controls=\"elementor-tab-content-2624\" aria-expanded=\"false\">DICAS E SUGEST\u00d5ES<\/div>\n\t\t\t\t\t<div id=\"elementor-tab-content-2624\" class=\"elementor-tab-content elementor-clearfix\" data-tab=\"4\" role=\"tabpanel\" aria-labelledby=\"elementor-tab-title-2624\" tabindex=\"0\" hidden=\"hidden\"><p>Em breve<\/p><\/div>\n\t\t\t\t\t\t\t\t\t<div class=\"elementor-tab-title elementor-tab-mobile-title\" aria-selected=\"false\" data-tab=\"5\" role=\"tab\" tabindex=\"-1\" aria-controls=\"elementor-tab-content-2625\" aria-expanded=\"false\">INSS DIGITAL<\/div>\n\t\t\t\t\t<div id=\"elementor-tab-content-2625\" class=\"elementor-tab-content elementor-clearfix\" data-tab=\"5\" role=\"tabpanel\" aria-labelledby=\"elementor-tab-title-2625\" tabindex=\"0\" hidden=\"hidden\"><p><strong>Informa\u00e7\u00f5es e cadastramento \u2013 OAB\/MG<\/strong> | <a href=\"http:\/\/www.oabmg.org.br\/servicos\/home\/inssdigital\" target=\"_blank\" rel=\"noopener\">clique aqui<\/a><\/p><p><strong>Acesso ao sistema do INSS<\/strong> | <a href=\"https:\/\/geridinss.dataprev.gov.br\/cas\/login?service=https%3A%2F%2Frequerimento.inss.gov.br%2F%3Bjsessionid%3Dvk6Bggpd0NXcGrybG6nWh05Tb9c6gwXvqMGLJG94jGthvbL4GLVv%21-800845848\" target=\"_blank\" rel=\"noopener\">clique aqui<\/a><\/p><\/div>\n\t\t\t\t\t\t\t<\/div>\n\t\t<\/div>\n\t\t\t\t\t\t<\/div>\n\t\t\t\t<\/div>\n\t\t\t\t\t<\/div>\n\t\t<\/div>\n\t\t\t\t\t<\/div>\n\t\t<\/section>\n\t\t\t\t<\/div>\n\t\t","protected":false},"excerpt":{"rendered":"<p>PJE CERTIFICADO DIGITAL TUTORIAIS\/OUTROS DOWNLOAD DICAS E SUGEST\u00d5ES INSS DIGITAL CERTIFICADO DIGITAL Nossos parceiros: \u00a0 CD F\u00e1cil Certificado DigitalAv Champagnat, 411 | Po\u00e7os de Caldas\/MG | 3713-8107 | www.cdfacil.com.brDesconto para aquisi\u00e7\u00e3o de certificados digital para advogados inscritos, com posto de atendimento fixo. \u00a0 AR Lousano Certificados DigitaisRua Reinaldo Amarente, 362-1 | Po\u00e7os de Caldas\/MG | [&hellip;]<\/p>\n","protected":false},"author":1,"featured_media":0,"parent":0,"menu_order":0,"comment_status":"closed","ping_status":"closed","template":"elementor_canvas","meta":{"footnotes":""},"class_list":["post-737","page","type-page","status-publish","hentry"],"_links":{"self":[{"href":"https:\/\/oabpocosdecaldas.org.br\/index.php\/wp-json\/wp\/v2\/pages\/737","targetHints":{"allow":["GET"]}}],"collection":[{"href":"https:\/\/oabpocosdecaldas.org.br\/index.php\/wp-json\/wp\/v2\/pages"}],"about":[{"href":"https:\/\/oabpocosdecaldas.org.br\/index.php\/wp-json\/wp\/v2\/types\/page"}],"author":[{"embeddable":true,"href":"https:\/\/oabpocosdecaldas.org.br\/index.php\/wp-json\/wp\/v2\/users\/1"}],"replies":[{"embeddable":true,"href":"https:\/\/oabpocosdecaldas.org.br\/index.php\/wp-json\/wp\/v2\/comments?post=737"}],"version-history":[{"count":0,"href":"https:\/\/oabpocosdecaldas.org.br\/index.php\/wp-json\/wp\/v2\/pages\/737\/revisions"}],"wp:attachment":[{"href":"https:\/\/oabpocosdecaldas.org.br\/index.php\/wp-json\/wp\/v2\/media?parent=737"}],"curies":[{"name":"wp","href":"https:\/\/api.w.org\/{rel}","templated":true}]}}