{"id":3205,"date":"2021-08-01T22:29:14","date_gmt":"2021-08-02T01:29:14","guid":{"rendered":"https:\/\/oabpocosdecaldas.org.br\/?page_id=3205"},"modified":"2021-08-24T10:51:44","modified_gmt":"2021-08-24T13:51:44","slug":"meuescritorio","status":"publish","type":"page","link":"https:\/\/oabpocosdecaldas.org.br\/index.php\/meuescritorio\/","title":{"rendered":"Meu Escrit\u00f3rio"},"content":{"rendered":"\t\t<div data-elementor-type=\"wp-page\" data-elementor-id=\"3205\" class=\"elementor elementor-3205\" data-elementor-post-type=\"page\">\n\t\t\t\t\t\t<section class=\"elementor-section elementor-top-section elementor-element elementor-element-a7a5971 elementor-section-boxed elementor-section-height-default elementor-section-height-default\" data-id=\"a7a5971\" data-element_type=\"section\" data-e-type=\"section\">\n\t\t\t\t\t\t<div class=\"elementor-container elementor-column-gap-default\">\n\t\t\t\t\t<div class=\"elementor-column elementor-col-100 elementor-top-column elementor-element elementor-element-f27872a\" data-id=\"f27872a\" data-element_type=\"column\" data-e-type=\"column\">\n\t\t\t<div class=\"elementor-widget-wrap elementor-element-populated\">\n\t\t\t\t\t\t<div class=\"elementor-element elementor-element-f902e84 elementor-widget-divider--view-line_text elementor-widget-divider--element-align-right elementor-widget elementor-widget-divider\" data-id=\"f902e84\" data-element_type=\"widget\" data-e-type=\"widget\" data-widget_type=\"divider.default\">\n\t\t\t\t<div class=\"elementor-widget-container\">\n\t\t\t\t\t\t\t<div class=\"elementor-divider\">\n\t\t\t<span class=\"elementor-divider-separator\">\n\t\t\t\t\t\t\t<span class=\"elementor-divider__text elementor-divider__element\">\n\t\t\t\tMEU ESCRIT\u00d3RIO\t\t\t\t<\/span>\n\t\t\t\t\t\t<\/span>\n\t\t<\/div>\n\t\t\t\t\t\t<\/div>\n\t\t\t\t<\/div>\n\t\t\t\t\t<\/div>\n\t\t<\/div>\n\t\t\t\t\t<\/div>\n\t\t<\/section>\n\t\t\t\t<section class=\"elementor-section elementor-top-section elementor-element elementor-element-a66f0c4 elementor-section-boxed elementor-section-height-default elementor-section-height-default\" data-id=\"a66f0c4\" data-element_type=\"section\" data-e-type=\"section\" data-settings=\"{&quot;background_background&quot;:&quot;classic&quot;}\">\n\t\t\t\t\t\t<div class=\"elementor-container elementor-column-gap-default\">\n\t\t\t\t\t<div class=\"elementor-column elementor-col-50 elementor-top-column elementor-element elementor-element-e8cd20b\" data-id=\"e8cd20b\" data-element_type=\"column\" data-e-type=\"column\">\n\t\t\t<div class=\"elementor-widget-wrap elementor-element-populated\">\n\t\t\t\t\t\t<div class=\"elementor-element elementor-element-107ccfc elementor-widget elementor-widget-image\" data-id=\"107ccfc\" data-element_type=\"widget\" data-e-type=\"widget\" data-widget_type=\"image.default\">\n\t\t\t\t<div class=\"elementor-widget-container\">\n\t\t\t\t\t\t\t\t\t\t\t\t\t\t\t<img fetchpriority=\"high\" decoding=\"async\" width=\"800\" height=\"450\" src=\"https:\/\/oabpocosdecaldas.org.br\/wp-content\/uploads\/2021\/08\/MEUESCRIT-1024x576.jpg\" class=\"attachment-large size-large wp-image-3261\" alt=\"\" srcset=\"https:\/\/oabpocosdecaldas.org.br\/wp-content\/uploads\/2021\/08\/MEUESCRIT-1024x576.jpg 1024w, https:\/\/oabpocosdecaldas.org.br\/wp-content\/uploads\/2021\/08\/MEUESCRIT-300x169.jpg 300w, https:\/\/oabpocosdecaldas.org.br\/wp-content\/uploads\/2021\/08\/MEUESCRIT-768x432.jpg 768w, https:\/\/oabpocosdecaldas.org.br\/wp-content\/uploads\/2021\/08\/MEUESCRIT-1536x864.jpg 1536w, https:\/\/oabpocosdecaldas.org.br\/wp-content\/uploads\/2021\/08\/MEUESCRIT.jpg 1891w\" sizes=\"(max-width: 800px) 100vw, 800px\" \/>\t\t\t\t\t\t\t\t\t\t\t\t\t\t\t<\/div>\n\t\t\t\t<\/div>\n\t\t\t\t\t<\/div>\n\t\t<\/div>\n\t\t\t\t<div class=\"elementor-column elementor-col-50 elementor-top-column elementor-element elementor-element-67eb0d1\" data-id=\"67eb0d1\" data-element_type=\"column\" data-e-type=\"column\">\n\t\t\t<div class=\"elementor-widget-wrap elementor-element-populated\">\n\t\t\t\t\t\t<div class=\"elementor-element elementor-element-5fd2e58 elementor-widget elementor-widget-heading\" data-id=\"5fd2e58\" data-element_type=\"widget\" data-e-type=\"widget\" data-widget_type=\"heading.default\">\n\t\t\t\t<div class=\"elementor-widget-container\">\n\t\t\t\t\t<h2 class=\"elementor-heading-title elementor-size-default\">Meu Escrit\u00f3rio<\/h2>\t\t\t\t<\/div>\n\t\t\t\t<\/div>\n\t\t\t\t<div class=\"elementor-element elementor-element-d5dbfea elementor-widget elementor-widget-text-editor\" data-id=\"d5dbfea\" data-element_type=\"widget\" data-e-type=\"widget\" data-widget_type=\"text-editor.default\">\n\t\t\t\t<div class=\"elementor-widget-container\">\n\t\t\t\t\t\t\t\t\t<p><strong><span style=\"vertical-align: inherit;\"><span style=\"vertical-align: inherit;\">A OAB Po\u00e7os de Caldas disponibiliza escrit\u00f3rio compartilhado, salas de videoconfer\u00eancia e micros para peticionamento, tudo em um s\u00f3 local. <\/span><\/span><\/strong><\/p><p><strong><span style=\"vertical-align: inherit;\"><span style=\"vertical-align: inherit;\">Localiza\u00e7\u00e3o central, pr\u00f3ximo ao F\u00f3rum!<\/span><\/span><\/strong><\/p><p><strong><span style=\"vertical-align: inherit;\"><span style=\"vertical-align: inherit;\"> Conforto, praticidade. tecnologia e infraestrutura, para facilitar o dia-a-dia da advocacia.<\/span><\/span><\/strong><\/p><p><strong><span style=\"vertical-align: inherit;\"><span style=\"vertical-align: inherit;\">O agendamento para a utiliza\u00e7\u00e3o dos servi\u00e7os\u00a0 deve ser realizado pelo advogado diretamente na Unidade do Meu Escrit\u00f3rio ou atrav\u00e9s do telefone: 3114-7923.<\/span><\/span><\/strong><\/p><p><strong><span style=\"vertical-align: inherit;\"><span style=\"vertical-align: inherit;\">Localiza\u00e7\u00e3o: Rua Goi\u00e1s, 416 &#8211; Sala 202 &#8211; Centro<\/span><\/span><\/strong><\/p><p>\u00a0<\/p><p><strong><span style=\"vertical-align: inherit;\"><span style=\"vertical-align: inherit;\"><a href=\"https:\/\/oabpocosdecaldas.org.br\/wp-content\/uploads\/2021\/05\/ESC_COMPARTILHADO.pdf\" target=\"_blank\" rel=\"noopener\">Clique aqui para visualizar o regulamento de uso do escrit\u00f3rio.<\/a><\/span><\/span><\/strong><\/p>\t\t\t\t\t\t\t\t<\/div>\n\t\t\t\t<\/div>\n\t\t\t\t\t<\/div>\n\t\t<\/div>\n\t\t\t\t\t<\/div>\n\t\t<\/section>\n\t\t\t\t<\/div>\n\t\t","protected":false},"excerpt":{"rendered":"<p>MEU ESCRIT\u00d3RIO Meu Escrit\u00f3rio A OAB Po\u00e7os de Caldas disponibiliza escrit\u00f3rio compartilhado, salas de videoconfer\u00eancia e micros para peticionamento, tudo em um s\u00f3 local. Localiza\u00e7\u00e3o central, pr\u00f3ximo ao F\u00f3rum! Conforto, praticidade. tecnologia e infraestrutura, para facilitar o dia-a-dia da advocacia. O agendamento para a utiliza\u00e7\u00e3o dos servi\u00e7os\u00a0 deve ser realizado pelo advogado diretamente na Unidade [&hellip;]<\/p>\n","protected":false},"author":2,"featured_media":0,"parent":0,"menu_order":0,"comment_status":"closed","ping_status":"closed","template":"elementor_canvas","meta":{"footnotes":""},"class_list":["post-3205","page","type-page","status-publish","hentry"],"_links":{"self":[{"href":"https:\/\/oabpocosdecaldas.org.br\/index.php\/wp-json\/wp\/v2\/pages\/3205","targetHints":{"allow":["GET"]}}],"collection":[{"href":"https:\/\/oabpocosdecaldas.org.br\/index.php\/wp-json\/wp\/v2\/pages"}],"about":[{"href":"https:\/\/oabpocosdecaldas.org.br\/index.php\/wp-json\/wp\/v2\/types\/page"}],"author":[{"embeddable":true,"href":"https:\/\/oabpocosdecaldas.org.br\/index.php\/wp-json\/wp\/v2\/users\/2"}],"replies":[{"embeddable":true,"href":"https:\/\/oabpocosdecaldas.org.br\/index.php\/wp-json\/wp\/v2\/comments?post=3205"}],"version-history":[{"count":0,"href":"https:\/\/oabpocosdecaldas.org.br\/index.php\/wp-json\/wp\/v2\/pages\/3205\/revisions"}],"wp:attachment":[{"href":"https:\/\/oabpocosdecaldas.org.br\/index.php\/wp-json\/wp\/v2\/media?parent=3205"}],"curies":[{"name":"wp","href":"https:\/\/api.w.org\/{rel}","templated":true}]}}